{"id":3,"date":"2025-09-16T16:15:51","date_gmt":"2025-09-16T14:15:51","guid":{"rendered":"http:\/\/lab.sio-brest.fr:18030\/?page_id=3"},"modified":"2025-09-30T16:23:23","modified_gmt":"2025-09-30T14:23:23","slug":"politique-de-confidentialite","status":"publish","type":"page","link":"https:\/\/www.ereshkigal.ovh\/?page_id=3","title":{"rendered":"Politique de confidentialit\u00e9"},"content":{"rendered":"\n<h2 class=\"wp-block-heading\">Qui suis-je&nbsp;?<\/h2>\n\n\n\n<p><strong class=\"privacy-policy-tutorial\">Bonjour je m&rsquo;appelles Evan<\/strong>, je suis en premi\u00e8re ann\u00e9e de BTS SIO et responsable du site : \u00ab\u00a0https:\/\/ereshkigal.ovh\/\u00a0\u00bb.<\/p>\n\n\n\n<h2 class=\"wp-block-heading\">Commentaires<\/h2>\n\n\n\n<p>Sur ce site, les donn\u00e9es personnelles ne sont pas demand\u00e9es. il n&rsquo;y a que mes donn\u00e9es (CV, Lettre de Motivation, Cours, Article) Donc pas d&rsquo;inqui\u00e8tude il n&rsquo;y a pas de vol.<\/p>\n\n\n\n<p><\/p>\n\n\n\n<h2 class=\"wp-block-heading\">M\u00e9dias<\/h2>\n\n\n\n<p><strong class=\"privacy-policy-tutorial\">Texte sugg\u00e9r\u00e9&nbsp;: <\/strong>Si vous t\u00e9l\u00e9versez des images sur le site, nous vous conseillons d\u2019\u00e9viter de t\u00e9l\u00e9verser des images contenant des donn\u00e9es EXIF de coordonn\u00e9es GPS. Les personnes visitant votre site peuvent t\u00e9l\u00e9charger et extraire des donn\u00e9es de localisation depuis ces images.<\/p>\n\n\n\n<h2 class=\"wp-block-heading\">Cookies<\/h2>\n\n\n\n<p>Pas de Cookies<\/p>\n\n\n\n<h2 class=\"wp-block-heading\">Contenu embarqu\u00e9 depuis d\u2019autres sites<\/h2>\n\n\n\n<p>Il y a certaines informations qui peuvent venir de d&rsquo;autre site, mais j&rsquo;ai pour credo de remanier tous les mots du texte pour ainsi donner une version unique.<\/p>\n\n\n\n<h2 class=\"wp-block-heading\">Utilisation et transmission de vos donn\u00e9es personnelles<\/h2>\n\n\n\n<p><strong class=\"privacy-policy-tutorial\">Texte sugg\u00e9r\u00e9&nbsp;: <\/strong>Si vous demandez une r\u00e9initialisation de votre mot de passe, votre adresse IP sera incluse dans l\u2019e-mail de r\u00e9initialisation.<\/p>\n\n\n\n<h2 class=\"wp-block-heading\">Dur\u00e9es de stockage de vos donn\u00e9es<\/h2>\n\n\n\n<p><strong class=\"privacy-policy-tutorial\">Texte sugg\u00e9r\u00e9&nbsp;: <\/strong>Si vous laissez un commentaire, le commentaire et ses m\u00e9tadonn\u00e9es sont conserv\u00e9s ind\u00e9finiment. Cela permet de reconna\u00eetre et approuver automatiquement les commentaires suivants au lieu de les laisser dans la file de mod\u00e9ration.<\/p>\n\n\n\n<p>Pour les comptes qui s\u2019inscrivent sur notre site (le cas \u00e9ch\u00e9ant), nous stockons \u00e9galement les donn\u00e9es personnelles indiqu\u00e9es dans leur profil. Tous les comptes peuvent voir, modifier ou supprimer leurs informations personnelles \u00e0 tout moment (\u00e0 l\u2019exception de leur identifiant). Les gestionnaires du site peuvent aussi voir et modifier ces informations.<\/p>\n\n\n\n<h2 class=\"wp-block-heading\">Les droits que vous avez sur vos donn\u00e9es<\/h2>\n\n\n\n<p><strong class=\"privacy-policy-tutorial\">Texte sugg\u00e9r\u00e9&nbsp;: <\/strong>Si vous avez un compte ou si vous avez laiss\u00e9 des commentaires sur le site, vous pouvez demander \u00e0 recevoir un fichier contenant toutes les donn\u00e9es personnelles que nous poss\u00e9dons \u00e0 votre sujet, incluant celles que vous nous avez fournies. Vous pouvez \u00e9galement demander la suppression des donn\u00e9es personnelles vous concernant. Cela ne prend pas en compte les donn\u00e9es stock\u00e9es \u00e0 des fins administratives, l\u00e9gales ou pour des raisons de s\u00e9curit\u00e9.<\/p>\n\n\n\n<h2 class=\"wp-block-heading\">O\u00f9 vos donn\u00e9es sont envoy\u00e9es<\/h2>\n\n\n\n<p><strong class=\"privacy-policy-tutorial\">Texte sugg\u00e9r\u00e9&nbsp;: <\/strong>Les commentaires des visiteurs peuvent \u00eatre v\u00e9rifi\u00e9s \u00e0 l\u2019aide d\u2019un service automatis\u00e9 de d\u00e9tection des commentaires ind\u00e9sirables.<\/p>\n","protected":false},"excerpt":{"rendered":"<p>Qui suis-je&nbsp;? Bonjour je m&rsquo;appelles Evan, je suis en premi\u00e8re ann\u00e9e de BTS SIO et responsable du site : \u00ab\u00a0https:\/\/ereshkigal.ovh\/\u00a0\u00bb. Commentaires Sur ce site, les donn\u00e9es personnelles ne sont pas demand\u00e9es. il n&rsquo;y a que mes donn\u00e9es (CV, Lettre de Motivation, Cours, Article) Donc pas d&rsquo;inqui\u00e8tude il n&rsquo;y a pas de vol. M\u00e9dias Texte sugg\u00e9r\u00e9&nbsp;:<\/p>\n<div class=\"more-link\">\n\t\t\t\t <a href=\"https:\/\/www.ereshkigal.ovh\/?page_id=3\" class=\"link-btn theme-btn\"><span>Read More <\/span> <i class=\"fa fa-caret-right\"><\/i><\/a>\n\t\t\t<\/div>\n","protected":false},"author":1,"featured_media":0,"parent":0,"menu_order":0,"comment_status":"closed","ping_status":"open","template":"","meta":{"footnotes":""},"class_list":["post-3","page","type-page","status-publish","hentry"],"_links":{"self":[{"href":"https:\/\/www.ereshkigal.ovh\/index.php?rest_route=\/wp\/v2\/pages\/3","targetHints":{"allow":["GET"]}}],"collection":[{"href":"https:\/\/www.ereshkigal.ovh\/index.php?rest_route=\/wp\/v2\/pages"}],"about":[{"href":"https:\/\/www.ereshkigal.ovh\/index.php?rest_route=\/wp\/v2\/types\/page"}],"author":[{"embeddable":true,"href":"https:\/\/www.ereshkigal.ovh\/index.php?rest_route=\/wp\/v2\/users\/1"}],"replies":[{"embeddable":true,"href":"https:\/\/www.ereshkigal.ovh\/index.php?rest_route=%2Fwp%2Fv2%2Fcomments&post=3"}],"version-history":[{"count":2,"href":"https:\/\/www.ereshkigal.ovh\/index.php?rest_route=\/wp\/v2\/pages\/3\/revisions"}],"predecessor-version":[{"id":21,"href":"https:\/\/www.ereshkigal.ovh\/index.php?rest_route=\/wp\/v2\/pages\/3\/revisions\/21"}],"wp:attachment":[{"href":"https:\/\/www.ereshkigal.ovh\/index.php?rest_route=%2Fwp%2Fv2%2Fmedia&parent=3"}],"curies":[{"name":"wp","href":"https:\/\/api.w.org\/{rel}","templated":true}]}}